{"id":21356,"date":"2025-04-16T18:02:00","date_gmt":"2025-04-16T18:02:00","guid":{"rendered":"https:\/\/bsmartnetworks.com\/product\/tp-link-pan-tilt-home-security-wi-fi-camera-tapo-tc70\/"},"modified":"2026-02-15T15:33:41","modified_gmt":"2026-02-15T15:33:41","slug":"tp-link-pan-tilt-home-security-wi-fi-camera-tapo-tc70","status":"publish","type":"product","link":"https:\/\/bsmartnetworks.com\/ar\/product\/tp-link-pan-tilt-home-security-wi-fi-camera-tapo-tc70\/","title":{"rendered":"\u0643\u0627\u0645\u064a\u0631\u0627 \u0623\u0645\u0627\u0646 \u0628\u0627\u0646\/\u062a\u0644\u062a \u0648\u0627\u064a\u2011\u0641\u0627\u064a \u0645\u0646\u0632\u0644\u064a\u0629 \u0645\u0646 TP\u2011Link Tapo TC70 (\u0643\u0627\u0645\u064a\u0631\u0627 \u0645\u0631\u0627\u0642\u0628\u0629 \u0642\u0627\u0628\u0644\u0629 \u0644\u0644\u062a\u062d\u0631\u064a\u0643 \u0648\u0627\u0644\u062f\u0648\u0631\u0627\u0646)"},"content":{"rendered":"<p>\u0643\u0627\u0645\u064a\u0631\u0627 \u0623\u0645\u0627\u0646 \u0628\u0627\u0646\/\u062a\u0644\u062a \u0648\u0627\u064a\u2011\u0641\u0627\u064a \u0645\u0646\u0632\u0644\u064a\u0629 TP-Link Tapo TC70 \u062a\u0642\u062f\u0645 \u0627\u0644\u0645\u0648\u0627\u0635\u0641\u0627\u062a \u0627\u0644\u062a\u0627\u0644\u064a\u0629:<\/p>\n<p>\u0627\u0644\u0645\u064a\u0632\u0627\u062a \u0627\u0644\u0631\u0626\u064a\u0633\u064a\u0629:<\/p>\n<p>\u0641\u064a\u062f\u064a\u0648 \u0639\u0627\u0644\u064a \u0627\u0644\u062f\u0642\u0629: \u062a\u0635\u0648\u064a\u0631 \u0628\u062f\u0642\u0629 1080p.<\/p>\n<p>\u062a\u062d\u0631\u064a\u0643 \u0648\u062f\u0648\u0631\u0627\u0646: 360\u00b0 \u0623\u0641\u0642\u064a \u0648114\u00b0 \u0639\u0645\u0648\u062f\u064a.<\/p>\n<p>\u0631\u0624\u064a\u0629 \u0644\u064a\u0644\u064a\u0629 \u0645\u062a\u0642\u062f\u0645\u0629: \u062a\u0635\u0644 \u0625\u0644\u0649 30 \u0642\u062f\u0645.<\/p>\n<p>\u0643\u0634\u0641 \u0627\u0644\u062d\u0631\u0643\u0629 \u0648\u0627\u0644\u0625\u0634\u0639\u0627\u0631\u0627\u062a: \u062a\u0646\u0628\u064a\u0647 \u0639\u0646\u062f \u0627\u0644\u062d\u0631\u0643\u0629.<\/p>\n<p>\u0625\u0646\u0630\u0627\u0631 \u0636\u0648\u0626\u064a \u0648\u0635\u0648\u062a\u064a: \u0644\u062a\u062e\u0648\u064a\u0641 \u0627\u0644\u0645\u062a\u0637\u0641\u0644\u064a\u0646.<\/p>\n<p>\u0635\u0648\u062a \u062b\u0646\u0627\u0626\u064a \u0627\u0644\u0627\u062a\u062c\u0627\u0647: \u0645\u064a\u0643\u0631\u0648\u0641\u0648\u0646 \u0648\u0645\u0643\u0628\u0631 \u0635\u0648\u062a \u0645\u062f\u0645\u062c\u064a\u0646.<\/p>\n<p>\u062a\u062e\u0632\u064a\u0646 \u0622\u0645\u0646: \u0628\u0637\u0627\u0642\u0629 microSD \u062d\u062a\u0649 128 \u062c\u064a\u062c\u0627\u0628\u0627\u064a\u062a (\u062d\u0648\u0627\u0644\u064a 384 \u0633\u0627\u0639\u0629 \u0623\u0648 16 \u064a\u0648\u0645\u064b\u0627 \u0645\u0646 \u0627\u0644\u062a\u0633\u062c\u064a\u0644).<\/p>\n<p>\u062a\u062d\u0643\u0645 \u0635\u0648\u062a\u064a: \u064a\u062f\u0639\u0645 Google Assistant \u0648Amazon Alexa.<\/p>\n<p>\u062a\u0641\u0627\u0635\u064a\u0644 \u0627\u0644\u0643\u0627\u0645\u064a\u0631\u0627:<\/p>\n<p>\u0627\u0644\u0645\u0633\u062a\u0634\u0639\u0631: 1\/2.9&#8243;<\/p>\n<p>\u0627\u0644\u062f\u0642\u0629: 1080p Full HD<\/p>\n<p>\u0627\u0644\u0639\u062f\u0633\u0629: F\/2.4\u060c \u0637\u0648\u0644 \u0628\u0624\u0631\u064a 4 \u0645\u0645<\/p>\n<p>\u0627\u0644\u0631\u0624\u064a\u0629 \u0627\u0644\u0644\u064a\u0644\u064a\u0629: 850 nm IR LED \u062d\u062a\u0649 30 \u0642\u062f\u0645<\/p>\n<p>\u0646\u0637\u0627\u0642 \u0627\u0644\u0631\u0624\u064a\u0629: 360\u00b0 \u0623\u0641\u0642\u064a\u060c 114\u00b0 \u0639\u0645\u0648\u062f\u064a<\/p>\n<p>\u0627\u0644\u0634\u0628\u0643\u0629:<\/p>\n<p>\u0627\u0644\u0623\u0645\u0627\u0646: \u062a\u0634\u0641\u064a\u0631 128-bit AES \u0645\u0639 SSL\/TLS<\/p>\n<p>\u0633\u0631\u0639\u0627\u062a \u0627\u0644\u0648\u0627\u064a \u0641\u0627\u064a: 11Mbps b \/ 54Mbps g \/ 72.2Mbps n<\/p>\n<p>\u0627\u0644\u062a\u0631\u062f\u062f: 2.4 GHz<\/p>\n<p>\u0623\u0645\u0627\u0646 \u0644\u0627\u0633\u0644\u0643\u064a: WPA\/WPA2-PSK<\/p>\n<p>\u0627\u0644\u0625\u0634\u0639\u0627\u0631\u0627\u062a:<\/p>\n<p>\u0627\u0644\u0645\u062d\u0641\u0632: \u0643\u0634\u0641 \u0627\u0644\u062d\u0631\u0643\u0629<\/p>\n<p>\u0646\u0648\u0639 \u0627\u0644\u0625\u0634\u0639\u0627\u0631: Push notification<\/p>\n<p>\u0627\u0644\u0641\u064a\u062f\u064a\u0648:<\/p>\n<p>\u0636\u063a\u0637 \u0627\u0644\u0641\u064a\u062f\u064a\u0648: H.264<\/p>\n<p>\u0645\u0639\u062f\u0644 \u0627\u0644\u0625\u0637\u0627\u0631\u0627\u062a: 15fps<\/p>\n<p>\u0627\u0644\u0628\u062b \u0627\u0644\u0645\u0628\u0627\u0634\u0631: 1080p<\/p>\n<p>\u0627\u0644\u0628\u064a\u0626\u0629:<\/p>\n<p>\u062f\u0631\u062c\u0629 \u062d\u0631\u0627\u0631\u0629 \u0627\u0644\u062a\u0634\u063a\u064a\u0644: 0\u00b0C~40\u00b0C<\/p>\n<p>\u062f\u0631\u062c\u0629 \u062d\u0631\u0627\u0631\u0629 \u0627\u0644\u062a\u062e\u0632\u064a\u0646: -40\u00b0C~70\u00b0C<\/p>\n<p>\u0627\u0644\u0631\u0637\u0648\u0628\u0629 \u0627\u0644\u062a\u0634\u063a\u064a\u0644\u064a\u0629: 10~90% RH<\/p>\n<p>\u0627\u0644\u0631\u0637\u0648\u0628\u0629 \u0627\u0644\u062a\u062e\u0632\u064a\u0646\u064a\u0629: 5~90% RH<\/p>\n<p>\u0627\u0644\u0645\u062d\u062a\u0648\u064a\u0627\u062a \u0627\u0644\u0645\u0631\u0641\u0642\u0629:<\/p>\n<p>\u0643\u0627\u0645\u064a\u0631\u0627 Tapo TC70<\/p>\n<p>\u0645\u062d\u0648\u0644 \u0637\u0627\u0642\u0629<\/p>\n<p>\u062f\u0644\u064a\u0644 \u0628\u062f\u0621 \u0633\u0631\u064a\u0639<\/p>\n<p>\u0628\u0631\u0627\u063a\u064a \u0648\u0645\u062b\u0628\u062a<\/p>\n<p>\u0642\u0627\u0639\u062f\u0629 \u0627\u0644\u0643\u0627\u0645\u064a\u0631\u0627<\/p>\n<p>\u0627\u0644\u0623\u062c\u0647\u0632\u0629:<\/p>\n<p>\u0632\u0631: \u0632\u0631 \u0625\u0639\u0627\u062f\u0629 \u0636\u0628\u0637<\/p>\n<p>LED: LED \u0627\u0644\u0646\u0638\u0627\u0645<\/p>\n<p>\u0645\u062f\u062e\u0644 \u0627\u0644\u0645\u062d\u0648\u0644: 100-240VAC, 50\/60Hz, 0.3A<\/p>\n<p>\u062e\u0631\u062c \u0627\u0644\u0645\u062d\u0648\u0644: 9.0V \/ 0.6A<\/p>\n<p>\u0627\u0644\u0623\u0628\u0639\u0627\u062f: 3.4 \u00d7 3.3 \u00d7 4.6 in (86.6 \u00d7 85 \u00d7 117.7 mm)<\/p>\n<p>\u0627\u0644\u0635\u0648\u062a:<\/p>\n<p>\u0627\u0644\u062a\u0648\u0627\u0635\u0644 \u0627\u0644\u0635\u0648\u062a\u064a: \u062b\u0646\u0627\u0626\u064a \u0627\u0644\u0627\u062a\u062c\u0627\u0647<\/p>\n<p>\u0627\u0644\u0645\u062f\u062e\u0644\u0627\u062a\/\u0627\u0644\u0645\u062e\u0631\u062c\u0627\u062a \u0627\u0644\u0635\u0648\u062a\u064a\u0629: \u0645\u064a\u0643\u0631\u0648\u0641\u0648\u0646 \u0648\u0645\u0643\u0628\u0631 \u0635\u0648\u062a \u0645\u062f\u0645\u062c\u064a\u0646<\/p>\n","protected":false},"excerpt":{"rendered":"<p>\u0643\u0627\u0645\u064a\u0631\u0627 \u0623\u0645\u0627\u0646 \u0628\u0627\u0646\/\u062a\u0644\u062a \u0648\u0627\u064a\u2011\u0641\u0627\u064a \u0645\u0646\u0632\u0644\u064a\u0629 TP-Link Tapo TC70 \u062a\u0642\u062f\u0645 \u0627\u0644\u0645\u0648\u0627\u0635\u0641\u0627\u062a \u0627\u0644\u062a\u0627\u0644\u064a\u0629: \u0627\u0644\u0645\u064a\u0632\u0627\u062a \u0627\u0644\u0631\u0626\u064a\u0633\u064a\u0629: \u0641\u064a\u062f\u064a\u0648 \u0639\u0627\u0644\u064a \u0627\u0644\u062f\u0642\u0629: \u062a\u0635\u0648\u064a\u0631 \u0628\u062f\u0642\u0629 1080p. \u062a\u062d\u0631\u064a\u0643<\/p>\n","protected":false},"featured_media":21355,"template":"","meta":[],"product_brand":[],"product_cat":[877,892],"product_tag":[],"class_list":{"0":"post-21356","1":"product","2":"type-product","3":"status-publish","4":"has-post-thumbnail","6":"product_cat-security-system","7":"product_cat-wireless-camera","9":"first","10":"instock","11":"shipping-taxable","12":"product-type-simple"},"_links":{"self":[{"href":"https:\/\/bsmartnetworks.com\/ar\/wp-json\/wp\/v2\/product\/21356","targetHints":{"allow":["GET"]}}],"collection":[{"href":"https:\/\/bsmartnetworks.com\/ar\/wp-json\/wp\/v2\/product"}],"about":[{"href":"https:\/\/bsmartnetworks.com\/ar\/wp-json\/wp\/v2\/types\/product"}],"version-history":[{"count":2,"href":"https:\/\/bsmartnetworks.com\/ar\/wp-json\/wp\/v2\/product\/21356\/revisions"}],"predecessor-version":[{"id":21376,"href":"https:\/\/bsmartnetworks.com\/ar\/wp-json\/wp\/v2\/product\/21356\/revisions\/21376"}],"wp:featuredmedia":[{"embeddable":true,"href":"https:\/\/bsmartnetworks.com\/ar\/wp-json\/wp\/v2\/media\/21355"}],"wp:attachment":[{"href":"https:\/\/bsmartnetworks.com\/ar\/wp-json\/wp\/v2\/media?parent=21356"}],"wp:term":[{"taxonomy":"product_brand","embeddable":true,"href":"https:\/\/bsmartnetworks.com\/ar\/wp-json\/wp\/v2\/product_brand?post=21356"},{"taxonomy":"product_cat","embeddable":true,"href":"https:\/\/bsmartnetworks.com\/ar\/wp-json\/wp\/v2\/product_cat?post=21356"},{"taxonomy":"product_tag","embeddable":true,"href":"https:\/\/bsmartnetworks.com\/ar\/wp-json\/wp\/v2\/product_tag?post=21356"}],"curies":[{"name":"wp","href":"https:\/\/api.w.org\/{rel}","templated":true}]}}